{"id":1358,"date":"2025-03-01T12:26:45","date_gmt":"2025-03-01T10:26:45","guid":{"rendered":"https:\/\/rentalcarcorfuairport.com\/terms-conditions\/"},"modified":"2026-02-28T19:58:14","modified_gmt":"2026-02-28T17:58:14","slug":"terms-conditions","status":"publish","type":"page","link":"https:\/\/rentalcarcorfuairport.com\/it\/terms-conditions\/","title":{"rendered":"Termini e condizioni"},"content":{"rendered":"<div class=\"gocars-terms-wrap\" \n    data-domain=\"rentalcarcorfuairport\"\n    data-shortcode_type=\"terms\" \n    id=\"gocars_terms-1181\" \n    data-id=\"1181\">\n    <h2 data-start=\"0\" data-end=\"23\">1. Servizi Inclusi<\/h2><ul data-start=\"25\" data-end=\"446\"><li data-start=\"25\" data-end=\"57\">Assicurazione di terzi (TPI)<\/li><li data-start=\"58\" data-end=\"108\">Assicurazione contro danni da collisione (CDW)<\/li><li data-start=\"109\" data-end=\"144\">Protezione contro il furto (TP)<\/li><li data-start=\"145\" data-end=\"182\">Assicurazione contro incendi (FI)<\/li><li data-start=\"183\" data-end=\"226\">Assicurazione infortuni personali (PAI)<\/li><li data-start=\"227\" data-end=\"262\">Consegna gratuita all'aeroporto<\/li><li data-start=\"263\" data-end=\"300\">Numero di assistenza 24 ore su 24<\/li><li data-start=\"301\" data-end=\"337\">Assistenza stradale 24 ore su 24<\/li><li data-start=\"338\" data-end=\"367\">Chilometraggio illimitato<\/li><li data-start=\"368\" data-end=\"394\">Cancellazione gratuita<\/li><li data-start=\"395\" data-end=\"422\">Mappa stradale di Corf\u00f9<\/li><li data-start=\"423\" data-end=\"446\">Tasse e IVA incluse<\/li><\/ul><hr data-start=\"448\" data-end=\"451\" \/><h2 data-start=\"453\" data-end=\"473\">2. Prenotazioni<\/h2><ul data-start=\"475\" data-end=\"627\"><li data-start=\"475\" data-end=\"627\">Se il veicolo scelto non \u00e8 disponibile, ci riserviamo il diritto di fornire un veicolo di categoria simile o superiore senza alcun costo aggiuntivo.<\/li><\/ul><hr data-start=\"629\" data-end=\"632\" \/><h2 data-start=\"634\" data-end=\"660\">3. Et\u00e0 del Conducente<\/h2><ul data-start=\"662\" data-end=\"1101\"><li data-start=\"662\" data-end=\"695\"><strong data-start=\"664\" data-end=\"673\">Auto:<\/strong>\u00a0Et\u00e0 minima 21 anni.<\/li><li data-start=\"696\" data-end=\"749\"><strong data-start=\"698\" data-end=\"727\">Gruppo Auto Economy Plus:<\/strong>\u00a0Et\u00e0 minima 18 anni.<\/li><li data-start=\"750\" data-end=\"805\"><strong data-start=\"752\" data-end=\"783\">Scooter (50cc-125cc-150cc):<\/strong>\u00a0Et\u00e0 minima 18 anni.<\/li><li data-start=\"806\" data-end=\"868\"><strong data-start=\"808\" data-end=\"846\">Scooter (200cc-300cc-350cc-500cc):<\/strong>\u00a0Et\u00e0 minima 23 anni.<\/li><li data-start=\"869\" data-end=\"940\"><strong data-start=\"871\" data-end=\"918\">Scooter e motociclette (501cc e superiori):<\/strong>\u00a0Et\u00e0 minima 25 anni.<\/li><li data-start=\"941\" data-end=\"991\"><strong data-start=\"943\" data-end=\"969\">Quad\/ATV (50cc-200cc):<\/strong>\u00a0Et\u00e0 minima 18 anni.<\/li><li data-start=\"992\" data-end=\"1043\"><strong data-start=\"994\" data-end=\"1021\">Quad\/ATV (200cc-450cc):<\/strong>\u00a0Et\u00e0 minima 20 anni.<\/li><li data-start=\"1044\" data-end=\"1101\"><strong data-start=\"1046\" data-end=\"1079\">Quad\/ATV (450cc e superiori):<\/strong>\u00a0Et\u00e0 minima 21 anni.<\/li><\/ul><hr data-start=\"1103\" data-end=\"1106\" \/><h2 data-start=\"1108\" data-end=\"1143\">4. Patente di Guida (Per Auto)<\/h2><ul data-start=\"1145\" data-end=\"1475\"><li data-start=\"1145\" data-end=\"1251\">Il conducente deve avere una patente di guida valida da almeno un anno prima di noleggiare il veicolo.<\/li><li data-start=\"1252\" data-end=\"1428\">I cittadini dei paesi non UE (escluso il Regno Unito) devono presentare sia una patente di guida internazionale valida che una patente di guida nazionale del proprio paese.<\/li><li data-start=\"1429\" data-end=\"1475\">Le patenti provvisorie non sono accettate.<\/li><\/ul><hr data-start=\"1477\" data-end=\"1480\" \/><h2 data-start=\"1482\" data-end=\"1560\">5. Requisiti della Patente di Guida (Per Scooter, Motociclette, Quad\/ATV)<\/h2><ul data-start=\"1562\" data-end=\"1866\"><li data-start=\"1562\" data-end=\"1642\">Tutti i conducenti devono presentare una patente di guida valida e completa.<\/li><li data-start=\"1643\" data-end=\"1819\">I cittadini dei paesi non UE (escluso il Regno Unito) devono presentare sia una patente di guida internazionale valida che una patente di guida nazionale del proprio paese.<\/li><li data-start=\"1820\" data-end=\"1866\">Le patenti provvisorie non sono accettate.<\/li><\/ul><hr data-start=\"1868\" data-end=\"1871\" \/><h2 data-start=\"1873\" data-end=\"1924\">6. Categorie di Veicoli e Requisiti di Patente<\/h2><ul data-start=\"1926\" data-end=\"2804\"><li data-start=\"1926\" data-end=\"2031\"><strong data-start=\"1928\" data-end=\"1954\">Scooter 50cc a 2 tempi<\/strong>\u00a0(Kymco People, Derbi Bulevard, Derbi Variant): Categoria AM o A1 o A2 o A.<\/li><li data-start=\"2032\" data-end=\"2184\"><strong data-start=\"2034\" data-end=\"2050\">Scooter 50cc<\/strong>\u00a0(Sym Orbit, Kymco Agility, Sym Symphony, Piaggio Liberty, Aprilia SXR, Piaggio Zip): Categoria B (patente auto) o AM o A1 o A2 o A.<\/li><li data-start=\"2185\" data-end=\"2303\"><strong data-start=\"2187\" data-end=\"2213\">Scooter 110cc e 125cc:<\/strong>\u00a0Categoria A1 o A2 o A (senza codici di restrizione: 79.03, 79(3), 79.04, 79(4), 79(2)).<\/li><li data-start=\"2304\" data-end=\"2425\"><strong data-start=\"2306\" data-end=\"2340\">Scooter da 125cc fino a 350cc:<\/strong>\u00a0Categoria A2 o A (senza codici di restrizione: 79.03, 79(3), 79.04, 79(4), 79(2)).<\/li><li data-start=\"2426\" data-end=\"2547\"><strong data-start=\"2428\" data-end=\"2467\">Scooter e motociclette sopra 350cc:<\/strong>\u00a0Categoria A (senza codici di restrizione: 79.03, 79(3), 79.04, 79(4), 79(2)).<\/li><li data-start=\"2548\" data-end=\"2606\"><strong data-start=\"2550\" data-end=\"2576\">Quad\/ATV (50cc, 80cc):<\/strong>\u00a0Categoria AM o A1 o A2 o A.<\/li><li data-start=\"2607\" data-end=\"2673\"><strong data-start=\"2609\" data-end=\"2643\">Quad\/ATV (150cc fino a 650cc):<\/strong>\u00a0Categoria B (patente auto).<\/li><li data-start=\"2674\" data-end=\"2804\"><strong data-start=\"2676\" data-end=\"2718\">Piaggio MP3 300cc (veicolo a 3 ruote):<\/strong>\u00a0Categoria A1 o A2 o B (solo se la patente \u00e8 stata rilasciata prima del 18\/01\/2013).<\/li><\/ul><hr data-start=\"2806\" data-end=\"2809\" \/><h2 data-start=\"2811\" data-end=\"2857\">7. Violazioni del Codice Stradale \/ Multa<\/h2><ul data-start=\"2859\" data-end=\"3051\"><li data-start=\"2859\" data-end=\"3051\">Tutte le multe, le spese e le sanzioni imposte da qualsiasi autorit\u00e0 greca saranno a carico del noleggiante, che si impegna a pagarle in contante o addebitando la propria carta di credito.<\/li><\/ul><hr data-start=\"3053\" data-end=\"3056\" \/><h2 data-start=\"3058\" data-end=\"3085\">8. Metodi di Pagamento<\/h2><ul data-start=\"3087\" data-end=\"3213\"><li data-start=\"3087\" data-end=\"3213\">Tutti i pagamenti devono essere effettuati integralmente in contante o con carta al momento del ritiro o online con carta.<\/li><\/ul><hr data-start=\"3215\" data-end=\"3218\" \/><h2 data-start=\"3220\" data-end=\"3253\">9. Politica di Cancellazione<\/h2><ul data-start=\"3255\" data-end=\"3356\"><li data-start=\"3255\" data-end=\"3292\">Nessuna penale per cancellazione.<\/li><li data-start=\"3293\" data-end=\"3356\">Si prega di notificare la cancellazione il prima possibile.<\/li><\/ul><hr data-start=\"3358\" data-end=\"3361\" \/><h2 data-start=\"3363\" data-end=\"3395\">10. Politica del Carburante<\/h2><ul data-start=\"3397\" data-end=\"3698\"><li data-start=\"3397\" data-end=\"3511\">Il noleggiante \u00e8 obbligato a restituire il veicolo con la stessa quantit\u00e0 di carburante al momento del ritiro.<\/li><li data-start=\"3512\" data-end=\"3605\">In caso di restituzione con meno carburante, verr\u00e0 addebitato il costo per la differenza.<\/li><li data-start=\"3606\" data-end=\"3698\">Non sono previsti rimborsi per veicoli restituiti con pi\u00f9 carburante di quello ritirato.<\/li><\/ul><hr data-start=\"3700\" data-end=\"3703\" \/><h2 data-start=\"3705\" data-end=\"3739\">11. Segnalazione di Incidenti<\/h2><ul data-start=\"3741\" data-end=\"4168\"><li data-start=\"3741\" data-end=\"3863\">In caso di incidente, \u00e8 importante che il noleggiante notifichi tempestivamente a Driveaway e alle autorit\u00e0 (polizia).<\/li><li data-start=\"3864\" data-end=\"3944\">La denuncia dell'incidente alla stazione di polizia \u00e8 un passaggio cruciale.<\/li><li data-start=\"3945\" data-end=\"4168\">Se non si informa Driveaway e la polizia, il noleggiante sar\u00e0 responsabile per i danni al veicolo e per la perdita di reddito derivante dai giorni in cui il veicolo \u00e8 in riparazione senza generare reddito per Driveaway.<\/li><\/ul><hr data-start=\"4170\" data-end=\"4173\" \/><h2 data-start=\"4175\" data-end=\"4208\">12. Termini di Assicurazione<\/h2><ul data-start=\"4210\" data-end=\"4987\"><li data-start=\"4210\" data-end=\"4402\"><strong data-start=\"4212\" data-end=\"4226\">Copertura:<\/strong>\u00a0L'assicurazione Driveaway copre automaticamente tutte le richieste di risarcimento da parte di terzi, esclusi i danni a pneumatici, ruote, sottoscocca e interno del veicolo.<\/li><li data-start=\"4403\" data-end=\"4611\"><strong data-start=\"4405\" data-end=\"4434\">Sovrapprezzo per eccesso:<\/strong>\u00a0Se il noleggiante non sceglie un'assicurazione aggiuntiva e in caso di furto, danni o incidente, Driveaway applicher\u00e0 una carica in base all'importo dell'eccesso del veicolo.<\/li><li data-start=\"4612\" data-end=\"4796\"><strong data-start=\"4614\" data-end=\"4645\">Determinazione della colpa:<\/strong>\u00a0Quando si va in tribunale per un incidente in cui il noleggiante non \u00e8 legalmente responsabile, \u00e8 previsto un rimborso per qualsiasi eccesso pagato.<\/li><li data-start=\"4797\" data-end=\"4987\"><strong data-start=\"4799\" data-end=\"4819\">Eccesso ridotto:<\/strong>\u00a0Scegliendo SCDW per le auto o CDW per scooter, motociclette o quad\/ATV durante la prenotazione, si riduce l'eccesso al corrispondente importo di eccesso del veicolo.<\/li><\/ul><hr data-start=\"4989\" data-end=\"4992\" \/><h2 data-start=\"4994\" data-end=\"5035\">13. Veicoli Non Utilizzabili Quando:<\/h2><ul data-start=\"5037\" data-end=\"5464\"><li data-start=\"5037\" data-end=\"5108\">In caso di violazione dei termini e condizioni di questo contratto.<\/li><li data-start=\"5109\" data-end=\"5151\">Se si infrange il codice della strada.<\/li><li data-start=\"5152\" data-end=\"5204\">Se si supera la capacit\u00e0 registrata del veicolo.<\/li><li data-start=\"5205\" data-end=\"5272\">Se si trainano o si spingono altri veicoli, rimorchi o oggetti.<\/li><li data-start=\"5273\" data-end=\"5321\">Se si trasportano bagagli o oggetti pesanti.<\/li><li data-start=\"5322\" data-end=\"5388\">Se si trasportano merci infiammabili, tossiche o maleodoranti.<\/li><li data-start=\"5389\" data-end=\"5464\">Se si trasportano merci pericolose, esplosivi, armi o oggetti proibiti.<\/li><\/ul><hr data-start=\"5466\" data-end=\"5469\" \/><h2 data-start=\"5471\" data-end=\"5499\">14. Assistenza Stradale<\/h2><ul data-start=\"5501\" data-end=\"5842\"><li data-start=\"5501\" data-end=\"5622\">L'assistenza stradale dovuta a malfunzionamenti o difetti del veicolo \u00e8 fornita senza alcun costo per il noleggiante.<\/li><li data-start=\"5623\" data-end=\"5715\">Se il veicolo non pu\u00f2 essere riparato rapidamente, verr\u00e0 offerto un veicolo alternativo.<\/li><li data-start=\"5716\" data-end=\"5842\">Se non \u00e8 disponibile un veicolo alternativo, il noleggiante ricever\u00e0 un rimborso completo per l'intero costo del noleggio.<\/li><\/ul><hr data-start=\"5844\" data-end=\"5847\" \/><h2 data-start=\"5849\" data-end=\"5881\">15. Restrizioni Geografiche<\/h2><ul data-start=\"5883\" data-end=\"6048\"><li data-start=\"5883\" data-end=\"6048\">In nessun caso il veicolo pu\u00f2 essere portato fuori Corf\u00f9 senza l'autorizzazione scritta preventiva di Driveaway, poich\u00e9 ci\u00f2 potrebbe comportare costi aggiuntivi.<\/li><\/ul><hr data-start=\"6050\" data-end=\"6053\" \/><h2 data-start=\"6055\" data-end=\"6084\">16. Perdita delle Chiavi<\/h2><ul data-start=\"6086\" data-end=\"6217\"><li data-start=\"6086\" data-end=\"6217\">In caso di smarrimento o danneggiamento delle chiavi, il noleggiante sar\u00e0 responsabile del pagamento dei costi di sostituzione.<\/li><\/ul><hr data-start=\"6219\" data-end=\"6222\" \/><h2 data-start=\"6224\" data-end=\"6245\">17. Controversie<\/h2><ul data-start=\"6247\" data-end=\"6378\" data-is-last-node=\"\" data-is-only-node=\"\"><li data-start=\"6247\" data-end=\"6378\" data-is-last-node=\"\">Qualsiasi controversia non risolta tra il noleggiante e Driveaway sar\u00e0 soggetta alla giurisdizione esclusiva dei tribunali greci.<\/li><\/ul><p>\u00a0<\/p><h2 data-start=\"0\" data-end=\"44\">18. Uso Corretto del Veicolo Noleggiato<\/h2><ul data-start=\"46\" data-end=\"1100\" data-is-only-node=\"\" data-is-last-node=\"\"><li data-start=\"46\" data-end=\"167\"><p data-start=\"48\" data-end=\"167\">La copertura assicurativa e le esenzioni sono valide solo se il noleggiante rispetta tutti i termini e le condizioni.<\/p><\/li><li data-start=\"168\" data-end=\"1100\" data-is-last-node=\"\"><p data-start=\"170\" data-end=\"287\">Il noleggiante \u00e8 responsabile per i costi di riparazione se il veicolo viene utilizzato in modo improprio, incluso:<\/p><ul data-start=\"291\" data-end=\"1100\" data-is-last-node=\"\"><li data-start=\"291\" data-end=\"369\">Guida fuori dalle strade designate, fuoristrada o su strade non asfaltate.<\/li><li data-start=\"372\" data-end=\"500\">Violazione delle leggi sul traffico (ad esempio, segnali stradali, limiti di velocit\u00e0, direzione di marcia, inversione a U).<\/li><li data-start=\"503\" data-end=\"545\">Violazione delle regole di parcheggio.<\/li><li data-start=\"548\" data-end=\"588\">Ignorare danni nascosti o incidenti.<\/li><li data-start=\"591\" data-end=\"709\">Partecipazione a rally stradali o utilizzo del veicolo a scopo di lucro (ad esempio, taxi o servizio di corriere).<\/li><li data-start=\"712\" data-end=\"814\">Permettere a qualcuno non esplicitamente indicato nel contratto di noleggio di guidare il veicolo.<\/li><li data-start=\"817\" data-end=\"863\">Guida sotto l\u2019influenza di alcol o droghe.<\/li><li data-start=\"866\" data-end=\"931\">Utilizzo del veicolo oltre il periodo di noleggio concordato.<\/li><li data-start=\"934\" data-end=\"1100\" data-is-last-node=\"\">Danno intenzionale o imprudente al veicolo (ad esempio, danneggiare il cambio, sedersi o stare sul cofano, portellone o tetto, o danneggiare l\u2019interno del veicolo).<\/li><\/ul><\/li><\/ul><\/div>\n\n","protected":false},"excerpt":{"rendered":"","protected":false},"author":6,"featured_media":0,"parent":0,"menu_order":0,"comment_status":"closed","ping_status":"closed","template":"template-terms.php","meta":{"_acf_changed":false,"inline_featured_image":false,"footnotes":""},"class_list":["post-1358","page","type-page","status-publish","hentry"],"acf":[],"_links":{"self":[{"href":"https:\/\/rentalcarcorfuairport.com\/it\/wp-json\/wp\/v2\/pages\/1358","targetHints":{"allow":["GET"]}}],"collection":[{"href":"https:\/\/rentalcarcorfuairport.com\/it\/wp-json\/wp\/v2\/pages"}],"about":[{"href":"https:\/\/rentalcarcorfuairport.com\/it\/wp-json\/wp\/v2\/types\/page"}],"author":[{"embeddable":true,"href":"https:\/\/rentalcarcorfuairport.com\/it\/wp-json\/wp\/v2\/users\/6"}],"replies":[{"embeddable":true,"href":"https:\/\/rentalcarcorfuairport.com\/it\/wp-json\/wp\/v2\/comments?post=1358"}],"version-history":[{"count":2,"href":"https:\/\/rentalcarcorfuairport.com\/it\/wp-json\/wp\/v2\/pages\/1358\/revisions"}],"predecessor-version":[{"id":1439,"href":"https:\/\/rentalcarcorfuairport.com\/it\/wp-json\/wp\/v2\/pages\/1358\/revisions\/1439"}],"wp:attachment":[{"href":"https:\/\/rentalcarcorfuairport.com\/it\/wp-json\/wp\/v2\/media?parent=1358"}],"curies":[{"name":"wp","href":"https:\/\/api.w.org\/{rel}","templated":true}]}}